{"id":580,"date":"2019-11-15T17:34:00","date_gmt":"2019-11-15T16:34:00","guid":{"rendered":"http:\/\/cerclefltr.com\/?page_id=580"},"modified":"2020-01-08T19:08:40","modified_gmt":"2020-01-08T18:08:40","slug":"adeo","status":"publish","type":"page","link":"https:\/\/cerclefltr.com\/index.php\/adeo\/","title":{"rendered":"ADEO"},"content":{"rendered":"\t\t<div data-elementor-type=\"wp-page\" data-elementor-id=\"580\" class=\"elementor elementor-580\">\n\t\t\t\t\t\t<section class=\"elementor-section elementor-top-section elementor-element elementor-element-57f3692d elementor-section-boxed elementor-section-height-default elementor-section-height-default\" data-id=\"57f3692d\" data-element_type=\"section\" data-e-type=\"section\">\n\t\t\t\t\t\t<div class=\"elementor-container elementor-column-gap-default\">\n\t\t\t\t\t<div class=\"elementor-column elementor-col-100 elementor-top-column elementor-element elementor-element-1c206f36\" data-id=\"1c206f36\" data-element_type=\"column\" data-e-type=\"column\">\n\t\t\t<div class=\"elementor-widget-wrap elementor-element-populated\">\n\t\t\t\t\t\t<section class=\"elementor-section elementor-inner-section elementor-element elementor-element-3dc169e3 elementor-section-boxed elementor-section-height-default elementor-section-height-default\" data-id=\"3dc169e3\" data-element_type=\"section\" data-e-type=\"section\">\n\t\t\t\t\t\t<div class=\"elementor-container elementor-column-gap-default\">\n\t\t\t\t\t<div class=\"elementor-column elementor-col-66 elementor-inner-column elementor-element elementor-element-15e0f140\" data-id=\"15e0f140\" data-element_type=\"column\" data-e-type=\"column\">\n\t\t\t<div class=\"elementor-widget-wrap elementor-element-populated\">\n\t\t\t\t\t\t<div class=\"elementor-element elementor-element-22e923f4 animated-slow elementor-invisible elementor-widget elementor-widget-heading\" data-id=\"22e923f4\" data-element_type=\"widget\" data-e-type=\"widget\" data-settings=\"{&quot;_animation&quot;:&quot;fadeIn&quot;}\" data-widget_type=\"heading.default\">\n\t\t\t\t<div class=\"elementor-widget-container\">\n\t\t\t\t\t<h1 class=\"elementor-heading-title elementor-size-xxl\"><b>A<\/b>cademicus <b>D<\/b>esiderii  <b>E<\/b>rasmi  <br><b>O<\/b>rdo<\/h1>\t\t\t\t<\/div>\n\t\t\t\t<\/div>\n\t\t\t\t\t<\/div>\n\t\t<\/div>\n\t\t\t\t<div class=\"elementor-column elementor-col-33 elementor-inner-column elementor-element elementor-element-206b5390\" data-id=\"206b5390\" data-element_type=\"column\" data-e-type=\"column\">\n\t\t\t<div class=\"elementor-widget-wrap elementor-element-populated\">\n\t\t\t\t\t\t<div class=\"elementor-element elementor-element-36ed0946 elementor-widget elementor-widget-image\" data-id=\"36ed0946\" data-element_type=\"widget\" data-e-type=\"widget\" data-widget_type=\"image.default\">\n\t\t\t\t<div class=\"elementor-widget-container\">\n\t\t\t\t\t\t\t\t\t\t\t\t\t\t\t<img fetchpriority=\"high\" decoding=\"async\" width=\"940\" height=\"1024\" src=\"https:\/\/cerclefltr.com\/wp-content\/uploads\/2019\/11\/ADEO-940x1024.jpg\" class=\"attachment-large size-large wp-image-618\" alt=\"\" srcset=\"https:\/\/cerclefltr.com\/wp-content\/uploads\/2019\/11\/ADEO-940x1024.jpg 940w, https:\/\/cerclefltr.com\/wp-content\/uploads\/2019\/11\/ADEO-275x300.jpg 275w, https:\/\/cerclefltr.com\/wp-content\/uploads\/2019\/11\/ADEO-768x836.jpg 768w, https:\/\/cerclefltr.com\/wp-content\/uploads\/2019\/11\/ADEO.jpg 1469w\" sizes=\"(max-width: 940px) 100vw, 940px\" \/>\t\t\t\t\t\t\t\t\t\t\t\t\t\t\t<\/div>\n\t\t\t\t<\/div>\n\t\t\t\t\t<\/div>\n\t\t<\/div>\n\t\t\t\t\t<\/div>\n\t\t<\/section>\n\t\t\t\t\t<\/div>\n\t\t<\/div>\n\t\t\t\t\t<\/div>\n\t\t<\/section>\n\t\t\t\t<section class=\"elementor-section elementor-top-section elementor-element elementor-element-62004098 elementor-section-boxed elementor-section-height-default elementor-section-height-default\" data-id=\"62004098\" data-element_type=\"section\" data-e-type=\"section\">\n\t\t\t\t\t\t<div class=\"elementor-container elementor-column-gap-default\">\n\t\t\t\t\t<div class=\"elementor-column elementor-col-100 elementor-top-column elementor-element elementor-element-188b8ae7\" data-id=\"188b8ae7\" data-element_type=\"column\" data-e-type=\"column\">\n\t\t\t<div class=\"elementor-widget-wrap elementor-element-populated\">\n\t\t\t\t\t\t<div class=\"elementor-element elementor-element-79754141 elementor-invisible elementor-widget elementor-widget-heading\" data-id=\"79754141\" data-element_type=\"widget\" data-e-type=\"widget\" data-settings=\"{&quot;_animation&quot;:&quot;fadeInDown&quot;}\" data-widget_type=\"heading.default\">\n\t\t\t\t<div class=\"elementor-widget-container\">\n\t\t\t\t\t<h2 class=\"elementor-heading-title elementor-size-large\">Pr\u00e9sentation<\/h2>\t\t\t\t<\/div>\n\t\t\t\t<\/div>\n\t\t\t\t<div class=\"elementor-element elementor-element-405f29ec elementor-widget elementor-widget-text-editor\" data-id=\"405f29ec\" data-element_type=\"widget\" data-e-type=\"widget\" data-widget_type=\"text-editor.default\">\n\t\t\t\t<div class=\"elementor-widget-container\">\n\t\t\t\t\t\t\t\t\t<p>L\u2019<strong>Academicus Desiderii Erasmi Ordo<\/strong> (<em>ADEO<\/em>) a \u00e9t\u00e9 fond\u00e9 en l\u2019an <strong>MMXVIII<\/strong>, il en est donc dans sa deuxi\u00e8me ann\u00e9e d\u2019existence.<\/p><p>Cet ordre est rattach\u00e9 \u00e0 la <strong>facult\u00e9 de Philosophie, Arts et Lettres de l\u2019UCL<\/strong>. Il faut en effet avoir r\u00e9ussi une ann\u00e9e dans ladite facult\u00e9 afin de pouvoir postuler en tant que novice, et en avoir obtenu un dipl\u00f4me lors de la fin de ses \u00e9tudes pour \u00eatre autoris\u00e9 \u00e0 rester dans l\u2019Ordre.<\/p><p><br \/>L\u2019<strong>ADEO<\/strong> a pour objectif de d\u00e9fendre et promouvoir les valeurs principales pr\u00f4n\u00e9es par Erasme, \u00e0 savoir l\u2019humanisme (principe de la\u00efcit\u00e9, d\u2019\u00e9panouissement de la personne humaine et de ses valeurs), le cosmopolitisme, la d\u00e9fense d\u2019un id\u00e9al europ\u00e9en, le pacifisme, le libre arbitre, l\u2019amour du beau verbe et l\u2019amiti\u00e9.<\/p><p>La devise de l\u2019Ordre est <em>Mundus ad omnia nostra patria<\/em>, qui peut \u00eatre traduite comme suit\u00a0: Le monde entier est notre patrie \u00e0 tous. Cette phrase est tir\u00e9e du<em> Querela Pacis<\/em>, un ouvrage sur la paix \u00e9crit par Erasme en l\u2019an 1517.<\/p>\t\t\t\t\t\t\t\t<\/div>\n\t\t\t\t<\/div>\n\t\t\t\t<div class=\"elementor-element elementor-element-581c148f elementor-invisible elementor-widget elementor-widget-heading\" data-id=\"581c148f\" data-element_type=\"widget\" data-e-type=\"widget\" data-settings=\"{&quot;_animation&quot;:&quot;fadeInDown&quot;}\" data-widget_type=\"heading.default\">\n\t\t\t\t<div class=\"elementor-widget-container\">\n\t\t\t\t\t<h2 class=\"elementor-heading-title elementor-size-large\">Habits<\/h2>\t\t\t\t<\/div>\n\t\t\t\t<\/div>\n\t\t\t\t<section class=\"elementor-section elementor-inner-section elementor-element elementor-element-f85e38c elementor-section-boxed elementor-section-height-default elementor-section-height-default\" data-id=\"f85e38c\" data-element_type=\"section\" data-e-type=\"section\">\n\t\t\t\t\t\t<div class=\"elementor-container elementor-column-gap-default\">\n\t\t\t\t\t<div class=\"elementor-column elementor-col-66 elementor-inner-column elementor-element elementor-element-72e093e\" data-id=\"72e093e\" data-element_type=\"column\" data-e-type=\"column\">\n\t\t\t<div class=\"elementor-widget-wrap elementor-element-populated\">\n\t\t\t\t\t\t<div class=\"elementor-element elementor-element-9709fec elementor-widget elementor-widget-text-editor\" data-id=\"9709fec\" data-element_type=\"widget\" data-e-type=\"widget\" data-widget_type=\"text-editor.default\">\n\t\t\t\t<div class=\"elementor-widget-container\">\n\t\t\t\t\t\t\t\t\t<p>Ses couleurs sont le <b>pourpre et l\u2019argent<\/b>&nbsp;<\/p>\n<p>Pourpre comme symbole de paix et argent pour sagesse.<\/p>\t\t\t\t\t\t\t\t<\/div>\n\t\t\t\t<\/div>\n\t\t\t\t\t<\/div>\n\t\t<\/div>\n\t\t\t\t<div class=\"elementor-column elementor-col-33 elementor-inner-column elementor-element elementor-element-3cdf336\" data-id=\"3cdf336\" data-element_type=\"column\" data-e-type=\"column\">\n\t\t\t<div class=\"elementor-widget-wrap elementor-element-populated\">\n\t\t\t\t\t\t<div class=\"elementor-element elementor-element-37325f9 elementor-widget elementor-widget-image\" data-id=\"37325f9\" data-element_type=\"widget\" data-e-type=\"widget\" data-widget_type=\"image.default\">\n\t\t\t\t<div class=\"elementor-widget-container\">\n\t\t\t\t\t\t\t\t\t\t\t\t\t\t\t<img decoding=\"async\" width=\"203\" height=\"300\" src=\"https:\/\/cerclefltr.com\/wp-content\/uploads\/2019\/11\/adeo-toge-203x300.jpg\" class=\"attachment-medium size-medium wp-image-621\" alt=\"\" srcset=\"https:\/\/cerclefltr.com\/wp-content\/uploads\/2019\/11\/adeo-toge-203x300.jpg 203w, https:\/\/cerclefltr.com\/wp-content\/uploads\/2019\/11\/adeo-toge.jpg 651w\" sizes=\"(max-width: 203px) 100vw, 203px\" \/>\t\t\t\t\t\t\t\t\t\t\t\t\t\t\t<\/div>\n\t\t\t\t<\/div>\n\t\t\t\t\t<\/div>\n\t\t<\/div>\n\t\t\t\t\t<\/div>\n\t\t<\/section>\n\t\t\t\t<div class=\"elementor-element elementor-element-4265f9d6 elementor-invisible elementor-widget elementor-widget-heading\" data-id=\"4265f9d6\" data-element_type=\"widget\" data-e-type=\"widget\" data-settings=\"{&quot;_animation&quot;:&quot;fadeInDown&quot;}\" data-widget_type=\"heading.default\">\n\t\t\t\t<div class=\"elementor-widget-container\">\n\t\t\t\t\t<h2 class=\"elementor-heading-title elementor-size-large\">Chant de l'Ordre<\/h2>\t\t\t\t<\/div>\n\t\t\t\t<\/div>\n\t\t\t\t<div class=\"elementor-element elementor-element-5ae4549 elementor-widget elementor-widget-text-editor\" data-id=\"5ae4549\" data-element_type=\"widget\" data-e-type=\"widget\" data-widget_type=\"text-editor.default\">\n\t\t\t\t<div class=\"elementor-widget-container\">\n\t\t\t\t\t\t\t\t\t<p style=\"text-align: center; line-height: 150%; background: white; margin: 10.0pt 0cm .0001pt 0cm;\" align=\"center\"><span style=\"color: #1d2129;\">Desideri Erasme Roterodame,<\/span><\/p><p style=\"margin: 0cm; margin-bottom: .0001pt; text-align: center; line-height: 150%; background: white;\" align=\"center\"><span style=\"color: #1d2129;\">Hic tibi sumus in hoc ordine,<\/span><\/p><p style=\"margin: 0cm; margin-bottom: .0001pt; text-align: center; line-height: 150%; background: white;\" align=\"center\"><span style=\"color: #1d2129;\">Linguae magister atque theologe,<\/span><\/p><p style=\"margin: 0cm; margin-bottom: .0001pt; text-align: center; line-height: 150%; background: white;\" align=\"center\"><span style=\"color: #1d2129;\">Nomen facultatis est nomen tuum.<\/span><\/p><p style=\"margin: 0cm; margin-bottom: .0001pt; text-align: center; line-height: 150%; background: white;\" align=\"center\"><span style=\"color: #1d2129;\">Hic et nunc autem cantemus<\/span><\/p><p style=\"margin: 0cm; margin-bottom: .0001pt; text-align: center; line-height: 150%; background: white;\" align=\"center\"><span style=\"color: #1d2129;\">Tibi gratias ago,<\/span><\/p><p style=\"margin: 0cm; margin-bottom: .0001pt; text-align: center; line-height: 150%; background: white;\" align=\"center\">\u00a0<\/p><p style=\"margin: 0cm; margin-bottom: .0001pt; text-align: center; line-height: 150%; background: white;\" align=\"center\"><span style=\"color: #1d2129;\">Desideri Erasme,<\/span><\/p><p style=\"margin: 0cm; margin-bottom: .0001pt; text-align: center; line-height: 150%; background: white;\" align=\"center\"><span style=\"color: #1d2129;\">Princeps humanistarum,<\/span><\/p><p style=\"margin: 0cm; margin-bottom: .0001pt; text-align: center; line-height: 150%; background: white;\" align=\"center\"><span style=\"color: #1d2129;\">Desideri Erasme,<\/span><\/p><p style=\"margin: 0cm; margin-bottom: .0001pt; text-align: center; line-height: 150%; background: white;\" align=\"center\"><span style=\"color: #1d2129;\">Sunt studia iter nostrum.<\/span><\/p>\t\t\t\t\t\t\t\t<\/div>\n\t\t\t\t<\/div>\n\t\t\t\t\t<\/div>\n\t\t<\/div>\n\t\t\t\t\t<\/div>\n\t\t<\/section>\n\t\t\t\t<\/div>\n\t\t","protected":false},"excerpt":{"rendered":"<p>Academicus Desiderii Erasmi Ordo Pr\u00e9sentation L\u2019Academicus Desiderii Erasmi Ordo (ADEO) a \u00e9t\u00e9 fond\u00e9 en l\u2019an MMXVIII, il en est donc dans sa deuxi\u00e8me ann\u00e9e d\u2019existence. Cet ordre est rattach\u00e9 \u00e0 la facult\u00e9 de Philosophie, Arts et Lettres de l\u2019UCL. Il faut en effet avoir r\u00e9ussi une ann\u00e9e dans ladite facult\u00e9 afin de pouvoir postuler en [&hellip;]<\/p>\n","protected":false},"author":1,"featured_media":0,"parent":0,"menu_order":0,"comment_status":"closed","ping_status":"closed","template":"","meta":{"ocean_post_layout":"","ocean_both_sidebars_style":"","ocean_both_sidebars_content_width":0,"ocean_both_sidebars_sidebars_width":0,"ocean_sidebar":"0","ocean_second_sidebar":"0","ocean_disable_margins":"enable","ocean_add_body_class":"","ocean_shortcode_before_top_bar":"","ocean_shortcode_after_top_bar":"","ocean_shortcode_before_header":"","ocean_shortcode_after_header":"","ocean_has_shortcode":"","ocean_shortcode_after_title":"","ocean_shortcode_before_footer_widgets":"","ocean_shortcode_after_footer_widgets":"","ocean_shortcode_before_footer_bottom":"","ocean_shortcode_after_footer_bottom":"","ocean_display_top_bar":"default","ocean_display_header":"default","ocean_header_style":"","ocean_center_header_left_menu":"0","ocean_custom_header_template":"0","ocean_custom_logo":0,"ocean_custom_retina_logo":0,"ocean_custom_logo_max_width":0,"ocean_custom_logo_tablet_max_width":0,"ocean_custom_logo_mobile_max_width":0,"ocean_custom_logo_max_height":0,"ocean_custom_logo_tablet_max_height":0,"ocean_custom_logo_mobile_max_height":0,"ocean_header_custom_menu":"0","ocean_menu_typo_font_family":"0","ocean_menu_typo_font_subset":"","ocean_menu_typo_font_size":0,"ocean_menu_typo_font_size_tablet":0,"ocean_menu_typo_font_size_mobile":0,"ocean_menu_typo_font_size_unit":"px","ocean_menu_typo_font_weight":"","ocean_menu_typo_font_weight_tablet":"","ocean_menu_typo_font_weight_mobile":"","ocean_menu_typo_transform":"","ocean_menu_typo_transform_tablet":"","ocean_menu_typo_transform_mobile":"","ocean_menu_typo_line_height":0,"ocean_menu_typo_line_height_tablet":0,"ocean_menu_typo_line_height_mobile":0,"ocean_menu_typo_line_height_unit":"","ocean_menu_typo_spacing":0,"ocean_menu_typo_spacing_tablet":0,"ocean_menu_typo_spacing_mobile":0,"ocean_menu_typo_spacing_unit":"","ocean_menu_link_color":"","ocean_menu_link_color_hover":"","ocean_menu_link_color_active":"","ocean_menu_link_background":"","ocean_menu_link_hover_background":"","ocean_menu_link_active_background":"","ocean_menu_social_links_bg":"","ocean_menu_social_hover_links_bg":"","ocean_menu_social_links_color":"","ocean_menu_social_hover_links_color":"","ocean_disable_title":"default","ocean_disable_heading":"default","ocean_post_title":"","ocean_post_subheading":"","ocean_post_title_style":"","ocean_post_title_background_color":"","ocean_post_title_background":0,"ocean_post_title_bg_image_position":"","ocean_post_title_bg_image_attachment":"","ocean_post_title_bg_image_repeat":"","ocean_post_title_bg_image_size":"","ocean_post_title_height":0,"ocean_post_title_bg_overlay":0.5,"ocean_post_title_bg_overlay_color":"","ocean_disable_breadcrumbs":"default","ocean_breadcrumbs_color":"","ocean_breadcrumbs_separator_color":"","ocean_breadcrumbs_links_color":"","ocean_breadcrumbs_links_hover_color":"","ocean_display_footer_widgets":"default","ocean_display_footer_bottom":"default","ocean_custom_footer_template":"0","footnotes":""},"class_list":["post-580","page","type-page","status-publish","hentry","entry"],"_links":{"self":[{"href":"https:\/\/cerclefltr.com\/index.php\/wp-json\/wp\/v2\/pages\/580","targetHints":{"allow":["GET"]}}],"collection":[{"href":"https:\/\/cerclefltr.com\/index.php\/wp-json\/wp\/v2\/pages"}],"about":[{"href":"https:\/\/cerclefltr.com\/index.php\/wp-json\/wp\/v2\/types\/page"}],"author":[{"embeddable":true,"href":"https:\/\/cerclefltr.com\/index.php\/wp-json\/wp\/v2\/users\/1"}],"replies":[{"embeddable":true,"href":"https:\/\/cerclefltr.com\/index.php\/wp-json\/wp\/v2\/comments?post=580"}],"version-history":[{"count":5,"href":"https:\/\/cerclefltr.com\/index.php\/wp-json\/wp\/v2\/pages\/580\/revisions"}],"predecessor-version":[{"id":713,"href":"https:\/\/cerclefltr.com\/index.php\/wp-json\/wp\/v2\/pages\/580\/revisions\/713"}],"wp:attachment":[{"href":"https:\/\/cerclefltr.com\/index.php\/wp-json\/wp\/v2\/media?parent=580"}],"curies":[{"name":"wp","href":"https:\/\/api.w.org\/{rel}","templated":true}]}}