{"id":282,"date":"2019-11-14T12:08:39","date_gmt":"2019-11-14T11:08:39","guid":{"rendered":"http:\/\/cerclefltr.com\/?page_id=282"},"modified":"2022-09-09T00:00:35","modified_gmt":"2022-09-08T22:00:35","slug":"semaine-culturelle","status":"publish","type":"page","link":"https:\/\/cerclefltr.com\/index.php\/semaine-culturelle\/","title":{"rendered":"Semaine Culturelle"},"content":{"rendered":"\t\t<div data-elementor-type=\"wp-page\" data-elementor-id=\"282\" class=\"elementor elementor-282\">\n\t\t\t\t\t\t<section class=\"elementor-section elementor-top-section elementor-element elementor-element-dd37e43 elementor-section-boxed elementor-section-height-default elementor-section-height-default\" data-id=\"dd37e43\" data-element_type=\"section\" data-e-type=\"section\">\n\t\t\t\t\t\t<div class=\"elementor-container elementor-column-gap-default\">\n\t\t\t\t\t<div class=\"elementor-column elementor-col-100 elementor-top-column elementor-element elementor-element-c649d85\" data-id=\"c649d85\" data-element_type=\"column\" data-e-type=\"column\">\n\t\t\t<div class=\"elementor-widget-wrap elementor-element-populated\">\n\t\t\t\t\t\t<div class=\"elementor-element elementor-element-ce6ad02 elementor-widget-divider--view-line elementor-invisible elementor-widget elementor-widget-divider\" data-id=\"ce6ad02\" data-element_type=\"widget\" data-e-type=\"widget\" data-settings=\"{&quot;_animation&quot;:&quot;fadeInDown&quot;}\" data-widget_type=\"divider.default\">\n\t\t\t\t<div class=\"elementor-widget-container\">\n\t\t\t\t\t\t\t<div class=\"elementor-divider\">\n\t\t\t<span class=\"elementor-divider-separator\">\n\t\t\t\t\t\t<\/span>\n\t\t<\/div>\n\t\t\t\t\t\t<\/div>\n\t\t\t\t<\/div>\n\t\t\t\t\t<\/div>\n\t\t<\/div>\n\t\t\t\t\t<\/div>\n\t\t<\/section>\n\t\t\t\t<section class=\"elementor-section elementor-top-section elementor-element elementor-element-f971d8a elementor-section-boxed elementor-section-height-default elementor-section-height-default\" data-id=\"f971d8a\" data-element_type=\"section\" data-e-type=\"section\">\n\t\t\t\t\t\t<div class=\"elementor-container elementor-column-gap-default\">\n\t\t\t\t\t<div class=\"elementor-column elementor-col-50 elementor-top-column elementor-element elementor-element-f41a8e2\" data-id=\"f41a8e2\" data-element_type=\"column\" data-e-type=\"column\">\n\t\t\t<div class=\"elementor-widget-wrap elementor-element-populated\">\n\t\t\t\t\t\t<div class=\"elementor-element elementor-element-b795ec9 elementor-widget elementor-widget-text-editor\" data-id=\"b795ec9\" data-element_type=\"widget\" data-e-type=\"widget\" data-widget_type=\"text-editor.default\">\n\t\t\t\t<div class=\"elementor-widget-container\">\n\t\t\t\t\t\t\t\t\t<p>La semaine culturelle, KESACUL ?<span class=\"Apple-converted-space\">\u00a0<\/span><\/p><p>C\u2019est une semaine qui dure une semaine (capacit\u00e9 de d\u00e9duction : maximale) o\u00f9 la culture organise diverses activit\u00e9s et jeux culturels autour d\u2019un th\u00e8me d\u00e9cid\u00e9. Sortie au mus\u00e9e, jeux, soir\u00e9es \u00e0 th\u00e8me;<span class=\"Apple-converted-space\">\u00a0 <\/span>en soit plein de mani\u00e8res diff\u00e9rentes d\u2019apprendre en s\u2019amusant !<\/p><p>\u00a0<\/p>\t\t\t\t\t\t\t\t<\/div>\n\t\t\t\t<\/div>\n\t\t\t\t\t<\/div>\n\t\t<\/div>\n\t\t\t\t<div class=\"elementor-column elementor-col-50 elementor-top-column elementor-element elementor-element-038b26e\" data-id=\"038b26e\" data-element_type=\"column\" data-e-type=\"column\">\n\t\t\t<div class=\"elementor-widget-wrap elementor-element-populated\">\n\t\t\t\t\t\t<div class=\"elementor-element elementor-element-28b1782 elementor-widget elementor-widget-image\" data-id=\"28b1782\" data-element_type=\"widget\" data-e-type=\"widget\" data-widget_type=\"image.default\">\n\t\t\t\t<div class=\"elementor-widget-container\">\n\t\t\t\t\t\t\t\t\t\t\t\t\t\t\t<img fetchpriority=\"high\" decoding=\"async\" width=\"1024\" height=\"683\" src=\"https:\/\/cerclefltr.com\/wp-content\/uploads\/2022\/09\/51639500515_5a83aace29_o-1024x683.jpg\" class=\"attachment-large size-large wp-image-1226\" alt=\"\" srcset=\"https:\/\/cerclefltr.com\/wp-content\/uploads\/2022\/09\/51639500515_5a83aace29_o-1024x683.jpg 1024w, https:\/\/cerclefltr.com\/wp-content\/uploads\/2022\/09\/51639500515_5a83aace29_o-300x200.jpg 300w, https:\/\/cerclefltr.com\/wp-content\/uploads\/2022\/09\/51639500515_5a83aace29_o-768x512.jpg 768w, https:\/\/cerclefltr.com\/wp-content\/uploads\/2022\/09\/51639500515_5a83aace29_o-1536x1024.jpg 1536w, https:\/\/cerclefltr.com\/wp-content\/uploads\/2022\/09\/51639500515_5a83aace29_o-2048x1365.jpg 2048w\" sizes=\"(max-width: 1024px) 100vw, 1024px\" \/>\t\t\t\t\t\t\t\t\t\t\t\t\t\t\t<\/div>\n\t\t\t\t<\/div>\n\t\t\t\t\t<\/div>\n\t\t<\/div>\n\t\t\t\t\t<\/div>\n\t\t<\/section>\n\t\t\t\t<section class=\"elementor-section elementor-top-section elementor-element elementor-element-68b7352 elementor-section-boxed elementor-section-height-default elementor-section-height-default\" data-id=\"68b7352\" data-element_type=\"section\" data-e-type=\"section\">\n\t\t\t\t\t\t<div class=\"elementor-container elementor-column-gap-default\">\n\t\t\t\t\t<div class=\"elementor-column elementor-col-50 elementor-top-column elementor-element elementor-element-eba0adc\" data-id=\"eba0adc\" data-element_type=\"column\" data-e-type=\"column\">\n\t\t\t<div class=\"elementor-widget-wrap elementor-element-populated\">\n\t\t\t\t\t\t<div class=\"elementor-element elementor-element-7fd1455 elementor-widget elementor-widget-image\" data-id=\"7fd1455\" data-element_type=\"widget\" data-e-type=\"widget\" data-widget_type=\"image.default\">\n\t\t\t\t<div class=\"elementor-widget-container\">\n\t\t\t\t\t\t\t\t\t\t\t\t\t\t\t<img decoding=\"async\" width=\"1024\" height=\"683\" src=\"https:\/\/cerclefltr.com\/wp-content\/uploads\/2022\/09\/51638616936_2c00523427_o-1024x683.jpg\" class=\"attachment-large size-large wp-image-1231\" alt=\"\" srcset=\"https:\/\/cerclefltr.com\/wp-content\/uploads\/2022\/09\/51638616936_2c00523427_o-1024x683.jpg 1024w, https:\/\/cerclefltr.com\/wp-content\/uploads\/2022\/09\/51638616936_2c00523427_o-300x200.jpg 300w, https:\/\/cerclefltr.com\/wp-content\/uploads\/2022\/09\/51638616936_2c00523427_o-768x512.jpg 768w, https:\/\/cerclefltr.com\/wp-content\/uploads\/2022\/09\/51638616936_2c00523427_o-1536x1024.jpg 1536w, https:\/\/cerclefltr.com\/wp-content\/uploads\/2022\/09\/51638616936_2c00523427_o-2048x1365.jpg 2048w\" sizes=\"(max-width: 1024px) 100vw, 1024px\" \/>\t\t\t\t\t\t\t\t\t\t\t\t\t\t\t<\/div>\n\t\t\t\t<\/div>\n\t\t\t\t\t<\/div>\n\t\t<\/div>\n\t\t\t\t<div class=\"elementor-column elementor-col-50 elementor-top-column elementor-element elementor-element-fcc7f3b\" data-id=\"fcc7f3b\" data-element_type=\"column\" data-e-type=\"column\">\n\t\t\t<div class=\"elementor-widget-wrap elementor-element-populated\">\n\t\t\t\t\t\t<div class=\"elementor-element elementor-element-5c4e018 elementor-widget elementor-widget-text-editor\" data-id=\"5c4e018\" data-element_type=\"widget\" data-e-type=\"widget\" data-widget_type=\"text-editor.default\">\n\t\t\t\t<div class=\"elementor-widget-container\">\n\t\t\t\t\t\t\t\t\t<p>\u00a0<\/p><p>Le th\u00e8me de la semaine Q de l&rsquo;ann\u00e9e 2021 \u00e9tait \u201cLes Jeux \u00e0 Travers les \u00e2ges\u201d, o\u00f9 l&rsquo;on abordait l\u2019\u00e9volution des jeux dans la soci\u00e9t\u00e9 humaine et o\u00f9 chaque jour repr\u00e9sentait une \u00e9poque diff\u00e9rente (dans l\u2019ordre chronologique). Les FLTerrien ont donc pu s\u2019informer sur les jeux antiques, m\u00e9di\u00e9vaux, en passant par les jeux de soci\u00e9t\u00e9, t\u00e9l\u00e9vis\u00e9s, vid\u00e9o.<\/p><p>\u00a0<\/p>\t\t\t\t\t\t\t\t<\/div>\n\t\t\t\t<\/div>\n\t\t\t\t\t<\/div>\n\t\t<\/div>\n\t\t\t\t\t<\/div>\n\t\t<\/section>\n\t\t\t\t<section class=\"elementor-section elementor-top-section elementor-element elementor-element-ebafeae elementor-section-boxed elementor-section-height-default elementor-section-height-default\" data-id=\"ebafeae\" data-element_type=\"section\" data-e-type=\"section\">\n\t\t\t\t\t\t<div class=\"elementor-container elementor-column-gap-default\">\n\t\t\t\t\t<div class=\"elementor-column elementor-col-50 elementor-top-column elementor-element elementor-element-7249a71\" data-id=\"7249a71\" data-element_type=\"column\" data-e-type=\"column\">\n\t\t\t<div class=\"elementor-widget-wrap elementor-element-populated\">\n\t\t\t\t\t\t<div class=\"elementor-element elementor-element-6d2be07 elementor-widget elementor-widget-text-editor\" data-id=\"6d2be07\" data-element_type=\"widget\" data-e-type=\"widget\" data-widget_type=\"text-editor.default\">\n\t\t\t\t<div class=\"elementor-widget-container\">\n\t\t\t\t\t\t\t\t\t<p>En plus des activit\u00e9s pr\u00e9vues, nous avions placard\u00e9 le philo d\u2019affiches qui faisaient office d\u2019exposition temporaire. Nous garderons donc plein de bon souvenirs de cette semaine CULTURELLE charg\u00e9e o\u00f9 nous avons pu partager un peu de notre savoir et de nos sources d&rsquo;int\u00e9r\u00eat et o\u00f9, il faut le dire, on aura tout de m\u00eame bien rigol\u00e9.<\/p>\t\t\t\t\t\t\t\t<\/div>\n\t\t\t\t<\/div>\n\t\t\t\t\t<\/div>\n\t\t<\/div>\n\t\t\t\t<div class=\"elementor-column elementor-col-50 elementor-top-column elementor-element elementor-element-8ecb5e4\" data-id=\"8ecb5e4\" data-element_type=\"column\" data-e-type=\"column\">\n\t\t\t<div class=\"elementor-widget-wrap elementor-element-populated\">\n\t\t\t\t\t\t<div class=\"elementor-element elementor-element-2489c7f elementor-widget elementor-widget-image\" data-id=\"2489c7f\" data-element_type=\"widget\" data-e-type=\"widget\" data-widget_type=\"image.default\">\n\t\t\t\t<div class=\"elementor-widget-container\">\n\t\t\t\t\t\t\t\t\t\t\t\t\t\t\t<img decoding=\"async\" width=\"1024\" height=\"683\" src=\"https:\/\/cerclefltr.com\/wp-content\/uploads\/2022\/09\/51639304899_2f01c0fb5c_o-1024x683.jpg\" class=\"attachment-large size-large wp-image-1225\" alt=\"\" srcset=\"https:\/\/cerclefltr.com\/wp-content\/uploads\/2022\/09\/51639304899_2f01c0fb5c_o-1024x683.jpg 1024w, https:\/\/cerclefltr.com\/wp-content\/uploads\/2022\/09\/51639304899_2f01c0fb5c_o-300x200.jpg 300w, https:\/\/cerclefltr.com\/wp-content\/uploads\/2022\/09\/51639304899_2f01c0fb5c_o-768x512.jpg 768w, https:\/\/cerclefltr.com\/wp-content\/uploads\/2022\/09\/51639304899_2f01c0fb5c_o-1536x1024.jpg 1536w, https:\/\/cerclefltr.com\/wp-content\/uploads\/2022\/09\/51639304899_2f01c0fb5c_o-2048x1365.jpg 2048w\" sizes=\"(max-width: 1024px) 100vw, 1024px\" \/>\t\t\t\t\t\t\t\t\t\t\t\t\t\t\t<\/div>\n\t\t\t\t<\/div>\n\t\t\t\t\t<\/div>\n\t\t<\/div>\n\t\t\t\t\t<\/div>\n\t\t<\/section>\n\t\t\t\t<section class=\"elementor-section elementor-top-section elementor-element elementor-element-e5806aa elementor-section-boxed elementor-section-height-default elementor-section-height-default\" data-id=\"e5806aa\" data-element_type=\"section\" data-e-type=\"section\">\n\t\t\t\t\t\t<div class=\"elementor-container elementor-column-gap-default\">\n\t\t\t\t\t<div class=\"elementor-column elementor-col-100 elementor-top-column elementor-element elementor-element-68bfd34\" data-id=\"68bfd34\" data-element_type=\"column\" data-e-type=\"column\">\n\t\t\t<div class=\"elementor-widget-wrap elementor-element-populated\">\n\t\t\t\t\t\t<div class=\"elementor-element elementor-element-a8ab0b8 elementor-widget-divider--view-line elementor-invisible elementor-widget elementor-widget-divider\" data-id=\"a8ab0b8\" data-element_type=\"widget\" data-e-type=\"widget\" data-settings=\"{&quot;_animation&quot;:&quot;fadeInDown&quot;}\" data-widget_type=\"divider.default\">\n\t\t\t\t<div class=\"elementor-widget-container\">\n\t\t\t\t\t\t\t<div class=\"elementor-divider\">\n\t\t\t<span class=\"elementor-divider-separator\">\n\t\t\t\t\t\t<\/span>\n\t\t<\/div>\n\t\t\t\t\t\t<\/div>\n\t\t\t\t<\/div>\n\t\t\t\t\t<\/div>\n\t\t<\/div>\n\t\t\t\t\t<\/div>\n\t\t<\/section>\n\t\t\t\t<\/div>\n\t\t","protected":false},"excerpt":{"rendered":"<p>La semaine culturelle, KESACUL ?\u00a0 C\u2019est une semaine qui dure une semaine (capacit\u00e9 de d\u00e9duction : maximale) o\u00f9 la culture organise diverses activit\u00e9s et jeux culturels autour d\u2019un th\u00e8me d\u00e9cid\u00e9. Sortie au mus\u00e9e, jeux, soir\u00e9es \u00e0 th\u00e8me;\u00a0 en soit plein de mani\u00e8res diff\u00e9rentes d\u2019apprendre en s\u2019amusant ! \u00a0 \u00a0 Le th\u00e8me de la semaine Q [&hellip;]<\/p>\n","protected":false},"author":1,"featured_media":0,"parent":0,"menu_order":0,"comment_status":"closed","ping_status":"closed","template":"","meta":{"ocean_post_layout":"","ocean_both_sidebars_style":"","ocean_both_sidebars_content_width":0,"ocean_both_sidebars_sidebars_width":0,"ocean_sidebar":"","ocean_second_sidebar":"","ocean_disable_margins":"enable","ocean_add_body_class":"","ocean_shortcode_before_top_bar":"","ocean_shortcode_after_top_bar":"","ocean_shortcode_before_header":"","ocean_shortcode_after_header":"","ocean_has_shortcode":"","ocean_shortcode_after_title":"","ocean_shortcode_before_footer_widgets":"","ocean_shortcode_after_footer_widgets":"","ocean_shortcode_before_footer_bottom":"","ocean_shortcode_after_footer_bottom":"","ocean_display_top_bar":"default","ocean_display_header":"default","ocean_header_style":"","ocean_center_header_left_menu":"","ocean_custom_header_template":"","ocean_custom_logo":0,"ocean_custom_retina_logo":0,"ocean_custom_logo_max_width":0,"ocean_custom_logo_tablet_max_width":0,"ocean_custom_logo_mobile_max_width":0,"ocean_custom_logo_max_height":0,"ocean_custom_logo_tablet_max_height":0,"ocean_custom_logo_mobile_max_height":0,"ocean_header_custom_menu":"","ocean_menu_typo_font_family":"","ocean_menu_typo_font_subset":"","ocean_menu_typo_font_size":0,"ocean_menu_typo_font_size_tablet":0,"ocean_menu_typo_font_size_mobile":0,"ocean_menu_typo_font_size_unit":"px","ocean_menu_typo_font_weight":"","ocean_menu_typo_font_weight_tablet":"","ocean_menu_typo_font_weight_mobile":"","ocean_menu_typo_transform":"","ocean_menu_typo_transform_tablet":"","ocean_menu_typo_transform_mobile":"","ocean_menu_typo_line_height":0,"ocean_menu_typo_line_height_tablet":0,"ocean_menu_typo_line_height_mobile":0,"ocean_menu_typo_line_height_unit":"","ocean_menu_typo_spacing":0,"ocean_menu_typo_spacing_tablet":0,"ocean_menu_typo_spacing_mobile":0,"ocean_menu_typo_spacing_unit":"","ocean_menu_link_color":"","ocean_menu_link_color_hover":"","ocean_menu_link_color_active":"","ocean_menu_link_background":"","ocean_menu_link_hover_background":"","ocean_menu_link_active_background":"","ocean_menu_social_links_bg":"","ocean_menu_social_hover_links_bg":"","ocean_menu_social_links_color":"","ocean_menu_social_hover_links_color":"","ocean_disable_title":"default","ocean_disable_heading":"default","ocean_post_title":"","ocean_post_subheading":"","ocean_post_title_style":"","ocean_post_title_background_color":"","ocean_post_title_background":0,"ocean_post_title_bg_image_position":"","ocean_post_title_bg_image_attachment":"","ocean_post_title_bg_image_repeat":"","ocean_post_title_bg_image_size":"","ocean_post_title_height":0,"ocean_post_title_bg_overlay":0.5,"ocean_post_title_bg_overlay_color":"","ocean_disable_breadcrumbs":"default","ocean_breadcrumbs_color":"","ocean_breadcrumbs_separator_color":"","ocean_breadcrumbs_links_color":"","ocean_breadcrumbs_links_hover_color":"","ocean_display_footer_widgets":"default","ocean_display_footer_bottom":"default","ocean_custom_footer_template":"","footnotes":""},"class_list":["post-282","page","type-page","status-publish","hentry","entry"],"_links":{"self":[{"href":"https:\/\/cerclefltr.com\/index.php\/wp-json\/wp\/v2\/pages\/282","targetHints":{"allow":["GET"]}}],"collection":[{"href":"https:\/\/cerclefltr.com\/index.php\/wp-json\/wp\/v2\/pages"}],"about":[{"href":"https:\/\/cerclefltr.com\/index.php\/wp-json\/wp\/v2\/types\/page"}],"author":[{"embeddable":true,"href":"https:\/\/cerclefltr.com\/index.php\/wp-json\/wp\/v2\/users\/1"}],"replies":[{"embeddable":true,"href":"https:\/\/cerclefltr.com\/index.php\/wp-json\/wp\/v2\/comments?post=282"}],"version-history":[{"count":7,"href":"https:\/\/cerclefltr.com\/index.php\/wp-json\/wp\/v2\/pages\/282\/revisions"}],"predecessor-version":[{"id":1249,"href":"https:\/\/cerclefltr.com\/index.php\/wp-json\/wp\/v2\/pages\/282\/revisions\/1249"}],"wp:attachment":[{"href":"https:\/\/cerclefltr.com\/index.php\/wp-json\/wp\/v2\/media?parent=282"}],"curies":[{"name":"wp","href":"https:\/\/api.w.org\/{rel}","templated":true}]}}